{"id":2,"date":"2022-12-26T12:24:40","date_gmt":"2022-12-26T10:24:40","guid":{"rendered":"https:\/\/sinisoft.fi\/?page_id=2"},"modified":"2025-04-14T18:14:44","modified_gmt":"2025-04-14T15:14:44","slug":"esimerkkisivu","status":"publish","type":"page","link":"https:\/\/sinisoft.fi\/","title":{"rendered":"Sinisoft Oy"},"content":{"rendered":"\n<p id=\"block-c52a0875-e835-4975-a834-a01ea8070843\">Kiinteist\u00f6palveluita yrityksille jo vuodesta 1992<\/p>\n\n\n\n<ul class=\"wp-block-list\">\n<li>Toimitilasiivousta<\/li>\n\n\n\n<li>Asunto-osakeyhti\u00f6iden is\u00e4nn\u00f6inti\u00e4<\/li>\n\n\n\n<li>Talouspalveluita<\/li>\n<\/ul>\n\n\n\n<p>Yhteystiedot:<\/p>\n\n\n\n<p id=\"block-b7187c89-2858-480f-9e1c-403207d5dfec\"><strong>Tuija M\u00e4kinen<\/strong><br>+358 500 637 437<br>etunimi.sukunimi @ sinisoft.fi<\/p>\n","protected":false},"excerpt":{"rendered":"<p>Kiinteist\u00f6palveluita yrityksille jo vuodesta 1992 Yhteystiedot: Tuija M\u00e4kinen+358 500 637 437etunimi.sukunimi @ sinisoft.fi<\/p>\n","protected":false},"author":1,"featured_media":0,"parent":0,"menu_order":0,"comment_status":"closed","ping_status":"closed","template":"","meta":{"footnotes":""},"class_list":["post-2","page","type-page","status-publish"],"_links":{"self":[{"href":"https:\/\/sinisoft.fi\/index.php?rest_route=\/wp\/v2\/pages\/2","targetHints":{"allow":["GET"]}}],"collection":[{"href":"https:\/\/sinisoft.fi\/index.php?rest_route=\/wp\/v2\/pages"}],"about":[{"href":"https:\/\/sinisoft.fi\/index.php?rest_route=\/wp\/v2\/types\/page"}],"author":[{"embeddable":true,"href":"https:\/\/sinisoft.fi\/index.php?rest_route=\/wp\/v2\/users\/1"}],"replies":[{"embeddable":true,"href":"https:\/\/sinisoft.fi\/index.php?rest_route=%2Fwp%2Fv2%2Fcomments&post=2"}],"version-history":[{"count":7,"href":"https:\/\/sinisoft.fi\/index.php?rest_route=\/wp\/v2\/pages\/2\/revisions"}],"predecessor-version":[{"id":47,"href":"https:\/\/sinisoft.fi\/index.php?rest_route=\/wp\/v2\/pages\/2\/revisions\/47"}],"wp:attachment":[{"href":"https:\/\/sinisoft.fi\/index.php?rest_route=%2Fwp%2Fv2%2Fmedia&parent=2"}],"curies":[{"name":"wp","href":"https:\/\/api.w.org\/{rel}","templated":true}]}}